{"id":1003,"date":"2022-06-09T12:35:26","date_gmt":"2022-06-09T15:35:26","guid":{"rendered":"https:\/\/www.bumbumdepanoeco.com.br\/?post_type=product&#038;p=1003"},"modified":"2024-01-27T13:40:30","modified_gmt":"2024-01-27T16:40:30","slug":"kit-uso-exclusivo-basico","status":"publish","type":"product","link":"https:\/\/www.bumbumdepanoeco.com.br\/index.php\/product\/kit-uso-exclusivo-basico\/","title":{"rendered":"Kit para uso exclusivo (b\u00e1sico)"},"content":{"rendered":"<p>10 Fraldas Bumbum de Pano<br \/>\n8 absorventes de Moletom 4 Camadas<\/p>\n<p>10 Absorventes de Moletom 6 Camadas<\/p>\n<p>2 Absorventes de Moletom 8 Camadas<\/p>\n<p>As fraldas tem o exterior em Suplex ou New Suede, imperme\u00e1vel em nylon emborrachado e interior em dryfit, abas el\u00e1sticas e anat\u00f4micas em neoprene, bot\u00f5es achatados que n\u00e3o machucam, el\u00e1sticos macios que n\u00e3o apertam.<\/p>\n<p>Vestem de 4kg a 18kg, s\u00e3o super molinha e confort\u00e1vel, perfeitas para beb\u00eas mais gordinhos e para os magrinhos tamb\u00e9m.<\/p>\n<p>Podem ser lavadas na m\u00e1quina.<\/p>\n","protected":false},"excerpt":{"rendered":"<p>10 fraldas e 20 absorventes + 2 Sacos Imperme\u00e1veis P de brinde<\/p>\n","protected":false},"featured_media":3747,"comment_status":"open","ping_status":"closed","template":"","meta":{"_joinchat":[]},"product_brand":[],"product_cat":[42,267],"product_tag":[],"class_list":{"0":"post-1003","1":"product","2":"type-product","3":"status-publish","4":"has-post-thumbnail","6":"product_cat-kits-promocionais","7":"product_cat-produtos","9":"first","10":"instock","11":"sale","12":"shipping-taxable","13":"purchasable","14":"product-type-simple"},"_links":{"self":[{"href":"https:\/\/www.bumbumdepanoeco.com.br\/index.php\/wp-json\/wp\/v2\/product\/1003","targetHints":{"allow":["GET"]}}],"collection":[{"href":"https:\/\/www.bumbumdepanoeco.com.br\/index.php\/wp-json\/wp\/v2\/product"}],"about":[{"href":"https:\/\/www.bumbumdepanoeco.com.br\/index.php\/wp-json\/wp\/v2\/types\/product"}],"replies":[{"embeddable":true,"href":"https:\/\/www.bumbumdepanoeco.com.br\/index.php\/wp-json\/wp\/v2\/comments?post=1003"}],"wp:featuredmedia":[{"embeddable":true,"href":"https:\/\/www.bumbumdepanoeco.com.br\/index.php\/wp-json\/wp\/v2\/media\/3747"}],"wp:attachment":[{"href":"https:\/\/www.bumbumdepanoeco.com.br\/index.php\/wp-json\/wp\/v2\/media?parent=1003"}],"wp:term":[{"taxonomy":"product_brand","embeddable":true,"href":"https:\/\/www.bumbumdepanoeco.com.br\/index.php\/wp-json\/wp\/v2\/product_brand?post=1003"},{"taxonomy":"product_cat","embeddable":true,"href":"https:\/\/www.bumbumdepanoeco.com.br\/index.php\/wp-json\/wp\/v2\/product_cat?post=1003"},{"taxonomy":"product_tag","embeddable":true,"href":"https:\/\/www.bumbumdepanoeco.com.br\/index.php\/wp-json\/wp\/v2\/product_tag?post=1003"}],"curies":[{"name":"wp","href":"https:\/\/api.w.org\/{rel}","templated":true}]}}