{"id":1007,"date":"2022-06-09T14:07:41","date_gmt":"2022-06-09T17:07:41","guid":{"rendered":"https:\/\/www.bumbumdepanoeco.com.br\/?post_type=product&#038;p=1007"},"modified":"2023-11-07T16:50:53","modified_gmt":"2023-11-07T19:50:53","slug":"pomada-dermatologica","status":"publish","type":"product","link":"https:\/\/www.bumbumdepanoeco.com.br\/index.php\/product\/pomada-dermatologica\/","title":{"rendered":"Pomada Dermatol\u00f3gica"},"content":{"rendered":"<p>Pomada Toque delicado M\u00e3e \u00e1rvore &#8211; Dermatol\u00f3gica, Natural e vegana. Pode ser usada desde RN at\u00e9 adultos, serve para qualquer machucado, ou irrita\u00e7\u00e3o na pele, por conter melaleuca e lavanda ela \u00e9 cicatrizante e antif\u00fangica.<\/p>\n<p>Indica\u00e7\u00f5es:<\/p>\n<p>&#8211; Assadura de beb\u00ea<br \/>\n&#8211; Queimaduras<br \/>\n&#8211; alergias<br \/>\n&#8211; picadas<br \/>\n&#8211; dermatites<br \/>\n&#8211; cortes<br \/>\n&#8211; arranh\u00f5es<br \/>\n&#8211; fissuras<br \/>\n&#8211; hemorroidas<br \/>\n&#8211; frieiras<br \/>\n&#8211; Cicatriza\u00e7\u00e3o de tatuagens<br \/>\n&#8211; Queimaduras p\u00f3s sol<br \/>\n&#8211; Herpes Labial<br \/>\n&#8211; e alivia a ansiedade por conter \u00f3leo de lavanda.<\/p>\n","protected":false},"excerpt":{"rendered":"<p>Liberadas para o uso com as Fraldas Ecol\u00f3gicas<\/p>\n","protected":false},"featured_media":1219,"comment_status":"open","ping_status":"closed","template":"","meta":{"_joinchat":[]},"product_brand":[],"product_cat":[267,43,237],"product_tag":[],"class_list":{"0":"post-1007","1":"product","2":"type-product","3":"status-publish","4":"has-post-thumbnail","6":"product_cat-produtos","7":"product_cat-cuidados-naturais","8":"product_cat-acessorios","10":"first","11":"instock","12":"shipping-taxable","13":"purchasable","14":"product-type-simple"},"_links":{"self":[{"href":"https:\/\/www.bumbumdepanoeco.com.br\/index.php\/wp-json\/wp\/v2\/product\/1007","targetHints":{"allow":["GET"]}}],"collection":[{"href":"https:\/\/www.bumbumdepanoeco.com.br\/index.php\/wp-json\/wp\/v2\/product"}],"about":[{"href":"https:\/\/www.bumbumdepanoeco.com.br\/index.php\/wp-json\/wp\/v2\/types\/product"}],"replies":[{"embeddable":true,"href":"https:\/\/www.bumbumdepanoeco.com.br\/index.php\/wp-json\/wp\/v2\/comments?post=1007"}],"wp:featuredmedia":[{"embeddable":true,"href":"https:\/\/www.bumbumdepanoeco.com.br\/index.php\/wp-json\/wp\/v2\/media\/1219"}],"wp:attachment":[{"href":"https:\/\/www.bumbumdepanoeco.com.br\/index.php\/wp-json\/wp\/v2\/media?parent=1007"}],"wp:term":[{"taxonomy":"product_brand","embeddable":true,"href":"https:\/\/www.bumbumdepanoeco.com.br\/index.php\/wp-json\/wp\/v2\/product_brand?post=1007"},{"taxonomy":"product_cat","embeddable":true,"href":"https:\/\/www.bumbumdepanoeco.com.br\/index.php\/wp-json\/wp\/v2\/product_cat?post=1007"},{"taxonomy":"product_tag","embeddable":true,"href":"https:\/\/www.bumbumdepanoeco.com.br\/index.php\/wp-json\/wp\/v2\/product_tag?post=1007"}],"curies":[{"name":"wp","href":"https:\/\/api.w.org\/{rel}","templated":true}]}}