{"id":1010,"date":"2022-06-09T14:10:45","date_gmt":"2022-06-09T17:10:45","guid":{"rendered":"https:\/\/www.bumbumdepanoeco.com.br\/?post_type=product&#038;p=1010"},"modified":"2023-11-07T16:50:52","modified_gmt":"2023-11-07T19:50:52","slug":"escova-de-dente-infantil","status":"publish","type":"product","link":"https:\/\/www.bumbumdepanoeco.com.br\/index.php\/product\/escova-de-dente-infantil\/","title":{"rendered":"Escova de Dente Infantil"},"content":{"rendered":"<p>Escova em bambu moss\u00f4, cerdas em Nylon. Cerdas de cores variadas O Bambu Moss\u00f4 \u00e9 a planta que cresce mais r\u00e1pido no mundo. Uma vez cortado, um novo broto nasce atrav\u00e9s dos caules subterr\u00e2neos. Sua produ\u00e7\u00e3o \u00e9 extremamente econ\u00f4mica tendo f\u00e1cil adapta\u00e7\u00e3o a qualquer tipo de solo. \u00c9 uma planta que tem capacidade de crescer de forma sustent\u00e1vel, sem a necessidade de fertilizantes ou pesticidas ou muita \u00e1gua. Ele pode ser plantado para proteger nascentes, j\u00e1 que aumenta a umidade do local e enriquece o solo com as folhas. Outra vantagem da escova \u00e9 que o bambu possui propriedades naturais que resistem a diversas bact\u00e9rias! Ap\u00f3s usar a escova, seque-a e fique tranquilo! O bambu \u00e9 um escudo natural contra bact\u00e9rias e germes!<\/p>\n","protected":false},"excerpt":{"rendered":"<p>Escova em bambu moss\u00f4, cerdas em Nylon. Cerdas de cores variadas O Bambu Moss\u00f4 \u00e9 a planta que cresce mais r\u00e1pido no mundo. Uma vez cortado, um novo broto nasce atrav\u00e9s dos caules subterr\u00e2neos. Sua produ\u00e7\u00e3o \u00e9 extremamente econ\u00f4mica tendo f\u00e1cil adapta\u00e7\u00e3o a qualquer tipo de solo. \u00c9 uma planta que tem capacidade de crescer [&hellip;]<\/p>\n","protected":false},"featured_media":1515,"comment_status":"open","ping_status":"closed","template":"","meta":{"_joinchat":[]},"product_brand":[],"product_cat":[267,43],"product_tag":[],"class_list":{"0":"post-1010","1":"product","2":"type-product","3":"status-publish","4":"has-post-thumbnail","6":"product_cat-produtos","7":"product_cat-cuidados-naturais","9":"first","10":"instock","11":"shipping-taxable","12":"purchasable","13":"product-type-simple"},"_links":{"self":[{"href":"https:\/\/www.bumbumdepanoeco.com.br\/index.php\/wp-json\/wp\/v2\/product\/1010","targetHints":{"allow":["GET"]}}],"collection":[{"href":"https:\/\/www.bumbumdepanoeco.com.br\/index.php\/wp-json\/wp\/v2\/product"}],"about":[{"href":"https:\/\/www.bumbumdepanoeco.com.br\/index.php\/wp-json\/wp\/v2\/types\/product"}],"replies":[{"embeddable":true,"href":"https:\/\/www.bumbumdepanoeco.com.br\/index.php\/wp-json\/wp\/v2\/comments?post=1010"}],"wp:featuredmedia":[{"embeddable":true,"href":"https:\/\/www.bumbumdepanoeco.com.br\/index.php\/wp-json\/wp\/v2\/media\/1515"}],"wp:attachment":[{"href":"https:\/\/www.bumbumdepanoeco.com.br\/index.php\/wp-json\/wp\/v2\/media?parent=1010"}],"wp:term":[{"taxonomy":"product_brand","embeddable":true,"href":"https:\/\/www.bumbumdepanoeco.com.br\/index.php\/wp-json\/wp\/v2\/product_brand?post=1010"},{"taxonomy":"product_cat","embeddable":true,"href":"https:\/\/www.bumbumdepanoeco.com.br\/index.php\/wp-json\/wp\/v2\/product_cat?post=1010"},{"taxonomy":"product_tag","embeddable":true,"href":"https:\/\/www.bumbumdepanoeco.com.br\/index.php\/wp-json\/wp\/v2\/product_tag?post=1010"}],"curies":[{"name":"wp","href":"https:\/\/api.w.org\/{rel}","templated":true}]}}