{"id":1032,"date":"2022-06-20T11:34:04","date_gmt":"2022-06-20T14:34:04","guid":{"rendered":"https:\/\/www.bumbumdepanoeco.com.br\/?post_type=product&#038;p=1032"},"modified":"2023-11-07T16:49:43","modified_gmt":"2023-11-07T19:49:43","slug":"wrap-sling","status":"publish","type":"product","link":"https:\/\/www.bumbumdepanoeco.com.br\/index.php\/product\/wrap-sling\/","title":{"rendered":"Wrap Sling"},"content":{"rendered":"<p>O Sling \u00e9 100% seguro e a forma mais saud\u00e1vel de carregar seu beb\u00ea, ele proporciona uma posi\u00e7\u00e3o ergon\u00f4mica, que \u00e9 a posi\u00e7\u00e3o natural do corpo do beb\u00ea, o que evita que o peso do beb\u00ea fique na coluna como os cangurus convencionais, trazendo a seguran\u00e7a de carregar seu beb\u00ea de forma confort\u00e1vel e sem prejudicar o desenvolvimento da coluna do beb\u00ea. Al\u00e9m de fazer com que os beb\u00eas se sintam mais seguros emocionalmente, auxiliando tamb\u00e9m num bom desenvolvimento emocional. Seu tecido largo faz com que seja confort\u00e1vel tamb\u00e9m para quem carrega, pois distribui o peso pelo ombro fazendo com que a pessoa n\u00e3o fique com dor nos ombros. MALHA PV &#8211; pode ser usado de RN at\u00e9 20kg, costuras refor\u00e7ada, n\u00e3o deforma com o uso, tem elasticidade e maciez. Mede 5M x 60cm SACARIA &#8211; Pode ser usado de RN at\u00e9 15kg Tamanho 5M x 68cm Sacaria 100% algod\u00e3o, n\u00e3o cede com o uso, tecido firme.<\/p>\n","protected":false},"excerpt":{"rendered":"<p>O Sling \u00e9 100% seguro e a forma mais saud\u00e1vel de carregar seu beb\u00ea, ele proporciona uma posi\u00e7\u00e3o ergon\u00f4mica, que \u00e9 a posi\u00e7\u00e3o natural do corpo do beb\u00ea, o que evita que o peso do beb\u00ea fique na coluna como os cangurus convencionais, trazendo a seguran\u00e7a de carregar seu beb\u00ea de forma confort\u00e1vel e sem [&hellip;]<\/p>\n","protected":false},"featured_media":1208,"comment_status":"open","ping_status":"closed","template":"","meta":{"_joinchat":[]},"product_brand":[],"product_cat":[267,48],"product_tag":[],"class_list":{"0":"post-1032","1":"product","2":"type-product","3":"status-publish","4":"has-post-thumbnail","6":"product_cat-produtos","7":"product_cat-carregador-ergonomico","9":"first","10":"instock","11":"shipping-taxable","12":"purchasable","13":"product-type-variable"},"_links":{"self":[{"href":"https:\/\/www.bumbumdepanoeco.com.br\/index.php\/wp-json\/wp\/v2\/product\/1032","targetHints":{"allow":["GET"]}}],"collection":[{"href":"https:\/\/www.bumbumdepanoeco.com.br\/index.php\/wp-json\/wp\/v2\/product"}],"about":[{"href":"https:\/\/www.bumbumdepanoeco.com.br\/index.php\/wp-json\/wp\/v2\/types\/product"}],"replies":[{"embeddable":true,"href":"https:\/\/www.bumbumdepanoeco.com.br\/index.php\/wp-json\/wp\/v2\/comments?post=1032"}],"wp:featuredmedia":[{"embeddable":true,"href":"https:\/\/www.bumbumdepanoeco.com.br\/index.php\/wp-json\/wp\/v2\/media\/1208"}],"wp:attachment":[{"href":"https:\/\/www.bumbumdepanoeco.com.br\/index.php\/wp-json\/wp\/v2\/media?parent=1032"}],"wp:term":[{"taxonomy":"product_brand","embeddable":true,"href":"https:\/\/www.bumbumdepanoeco.com.br\/index.php\/wp-json\/wp\/v2\/product_brand?post=1032"},{"taxonomy":"product_cat","embeddable":true,"href":"https:\/\/www.bumbumdepanoeco.com.br\/index.php\/wp-json\/wp\/v2\/product_cat?post=1032"},{"taxonomy":"product_tag","embeddable":true,"href":"https:\/\/www.bumbumdepanoeco.com.br\/index.php\/wp-json\/wp\/v2\/product_tag?post=1032"}],"curies":[{"name":"wp","href":"https:\/\/api.w.org\/{rel}","templated":true}]}}