{"id":1063,"date":"2022-06-20T11:58:10","date_gmt":"2022-06-20T14:58:10","guid":{"rendered":"https:\/\/www.bumbumdepanoeco.com.br\/?post_type=product&#038;p=1063"},"modified":"2024-07-31T16:55:31","modified_gmt":"2024-07-31T19:55:31","slug":"colar-mordedor-balls","status":"publish","type":"product","link":"https:\/\/www.bumbumdepanoeco.com.br\/index.php\/product\/colar-mordedor-balls\/","title":{"rendered":"Colar Mordedor Balls"},"content":{"rendered":"<p>APROVADOS PELA FDA Livres de BPA Livres de chumbos livres de Ftalatos Livres de PVCs Atoxicos.<\/p>\n<p>O Mordedor auxilia o nascimento dos primeiros dentes, estimula a percep\u00e7\u00e3o cognitiva e psicomotora do beb\u00ea, al\u00e9m de distrair o beb\u00ea que na fase oral tende a colocar tudo que v\u00ea na boca, o mordedor j\u00e1 \u00e9 um acess\u00f3rio pr\u00f3prio para ser mordido.<\/p>\n<p>Cuidados &#8211; lave com sab\u00e3o neutro e enxague bem antes de dar para o beb\u00ea, e higienize sempre que necess\u00e1rio.<\/p>\n","protected":false},"excerpt":{"rendered":"<p>Colar Mordedor em Silicone grau aliment\u00edcio e madeira.<\/p>\n","protected":false},"featured_media":1185,"comment_status":"open","ping_status":"closed","template":"","meta":{"_joinchat":[]},"product_brand":[],"product_cat":[267,50],"product_tag":[],"class_list":{"0":"post-1063","1":"product","2":"type-product","3":"status-publish","4":"has-post-thumbnail","6":"product_cat-produtos","7":"product_cat-mordedores-montessori","9":"first","10":"outofstock","11":"shipping-taxable","12":"purchasable","13":"product-type-variable"},"_links":{"self":[{"href":"https:\/\/www.bumbumdepanoeco.com.br\/index.php\/wp-json\/wp\/v2\/product\/1063","targetHints":{"allow":["GET"]}}],"collection":[{"href":"https:\/\/www.bumbumdepanoeco.com.br\/index.php\/wp-json\/wp\/v2\/product"}],"about":[{"href":"https:\/\/www.bumbumdepanoeco.com.br\/index.php\/wp-json\/wp\/v2\/types\/product"}],"replies":[{"embeddable":true,"href":"https:\/\/www.bumbumdepanoeco.com.br\/index.php\/wp-json\/wp\/v2\/comments?post=1063"}],"wp:featuredmedia":[{"embeddable":true,"href":"https:\/\/www.bumbumdepanoeco.com.br\/index.php\/wp-json\/wp\/v2\/media\/1185"}],"wp:attachment":[{"href":"https:\/\/www.bumbumdepanoeco.com.br\/index.php\/wp-json\/wp\/v2\/media?parent=1063"}],"wp:term":[{"taxonomy":"product_brand","embeddable":true,"href":"https:\/\/www.bumbumdepanoeco.com.br\/index.php\/wp-json\/wp\/v2\/product_brand?post=1063"},{"taxonomy":"product_cat","embeddable":true,"href":"https:\/\/www.bumbumdepanoeco.com.br\/index.php\/wp-json\/wp\/v2\/product_cat?post=1063"},{"taxonomy":"product_tag","embeddable":true,"href":"https:\/\/www.bumbumdepanoeco.com.br\/index.php\/wp-json\/wp\/v2\/product_tag?post=1063"}],"curies":[{"name":"wp","href":"https:\/\/api.w.org\/{rel}","templated":true}]}}