{"id":1088,"date":"2022-06-20T14:07:56","date_gmt":"2022-06-20T17:07:56","guid":{"rendered":"https:\/\/www.bumbumdepanoeco.com.br\/?post_type=product&#038;p=1088"},"modified":"2023-11-07T16:49:39","modified_gmt":"2023-11-07T19:49:39","slug":"sapatinho-antiderrapante","status":"publish","type":"product","link":"https:\/\/www.bumbumdepanoeco.com.br\/index.php\/product\/sapatinho-antiderrapante\/","title":{"rendered":"Sapatinho Antiderrapante"},"content":{"rendered":"<p>Sapatinhos de pano com sola antiderrapante, Muito Confort\u00e1veis de usar, \u00e9 o mais indicado para o beb\u00ea tanto no per\u00edodo em que est\u00e1 aprendendo a andar, quanto antes.<\/p>\n<p>Tamanhos 11cm (0 a 6 meses) 12cm (6 a 10 meses) 13cm (10 a 15 meses) 14cm (15 meses a 2 anos)<\/p>\n<p>\u00c9 aconselhado tirar a medida do comprimento do p\u00e9 para ter certeza de que ir\u00e1 servir.<\/p>\n","protected":false},"excerpt":{"rendered":"<p>Material &#8211; Cerca de 90% algod\u00e3o 10% elastano<\/p>\n","protected":false},"featured_media":1523,"comment_status":"open","ping_status":"closed","template":"","meta":{"_joinchat":[]},"product_brand":[],"product_cat":[267,51],"product_tag":[],"class_list":{"0":"post-1088","1":"product","2":"type-product","3":"status-publish","4":"has-post-thumbnail","6":"product_cat-produtos","7":"product_cat-meias-sapatinhos-antiderrapante","9":"first","10":"instock","11":"shipping-taxable","12":"purchasable","13":"product-type-variable"},"_links":{"self":[{"href":"https:\/\/www.bumbumdepanoeco.com.br\/index.php\/wp-json\/wp\/v2\/product\/1088","targetHints":{"allow":["GET"]}}],"collection":[{"href":"https:\/\/www.bumbumdepanoeco.com.br\/index.php\/wp-json\/wp\/v2\/product"}],"about":[{"href":"https:\/\/www.bumbumdepanoeco.com.br\/index.php\/wp-json\/wp\/v2\/types\/product"}],"replies":[{"embeddable":true,"href":"https:\/\/www.bumbumdepanoeco.com.br\/index.php\/wp-json\/wp\/v2\/comments?post=1088"}],"wp:featuredmedia":[{"embeddable":true,"href":"https:\/\/www.bumbumdepanoeco.com.br\/index.php\/wp-json\/wp\/v2\/media\/1523"}],"wp:attachment":[{"href":"https:\/\/www.bumbumdepanoeco.com.br\/index.php\/wp-json\/wp\/v2\/media?parent=1088"}],"wp:term":[{"taxonomy":"product_brand","embeddable":true,"href":"https:\/\/www.bumbumdepanoeco.com.br\/index.php\/wp-json\/wp\/v2\/product_brand?post=1088"},{"taxonomy":"product_cat","embeddable":true,"href":"https:\/\/www.bumbumdepanoeco.com.br\/index.php\/wp-json\/wp\/v2\/product_cat?post=1088"},{"taxonomy":"product_tag","embeddable":true,"href":"https:\/\/www.bumbumdepanoeco.com.br\/index.php\/wp-json\/wp\/v2\/product_tag?post=1088"}],"curies":[{"name":"wp","href":"https:\/\/api.w.org\/{rel}","templated":true}]}}