{"id":1129,"date":"2022-06-20T14:29:16","date_gmt":"2022-06-20T17:29:16","guid":{"rendered":"https:\/\/www.bumbumdepanoeco.com.br\/?post_type=product&#038;p=1129"},"modified":"2023-11-07T16:49:39","modified_gmt":"2023-11-07T19:49:39","slug":"coletor-menstrual-de-silicone","status":"publish","type":"product","link":"https:\/\/www.bumbumdepanoeco.com.br\/index.php\/product\/coletor-menstrual-de-silicone\/","title":{"rendered":"Coletor Menstrual de Silicone"},"content":{"rendered":"<p>Veja a refer\u00eancia das medidas nas fotos<\/p>\n<p>P 4,4 cm largura x 5,5 cm copo x 1,5cm anel M 4,7cm largura x 5,5cm copo x 2,0cm anel<\/p>\n<p>Como escolher seu tamanho? P &#8211; Pra quem n\u00e3o tem filhos e tem menos de 30 anos M &#8211; Pra quem j\u00e1 tem filhos ou\/e mais de 30 anos<\/p>\n<p>Como higienizar?<\/p>\n<p>Ao in\u00edcio e ao fim do ciclo, voc\u00ea ir\u00e1 higienizar com um recipiente apropriado (panelinha pr\u00f3pria ou copo de silicone) voc\u00ea ir\u00e1 colocar \u00e1gua at\u00e9 cobrir e ferve-lo no fogo (panelinha) ou no microondas (copo de silicone) por 5 minutos. Durante o ciclo lave bem as m\u00e3os, retire seu Coletor pela base, esvazie no vaso, lave com sab\u00e3o neutro e coloque novamente, repetindo o processo a cada troca.<\/p>\n","protected":false},"excerpt":{"rendered":"<p>Coletor menstrual de Silicone M\u00e9dico Prety Woman, 12 horas de prote\u00e7\u00e3o.<\/p>\n","protected":false},"featured_media":1160,"comment_status":"open","ping_status":"closed","template":"","meta":{"_joinchat":[]},"product_brand":[],"product_cat":[267,52,55],"product_tag":[],"class_list":{"0":"post-1129","1":"product","2":"type-product","3":"status-publish","4":"has-post-thumbnail","6":"product_cat-produtos","7":"product_cat-cuidados-femininos","8":"product_cat-coletor-menstrual","10":"first","11":"instock","12":"shipping-taxable","13":"purchasable","14":"product-type-variable"},"_links":{"self":[{"href":"https:\/\/www.bumbumdepanoeco.com.br\/index.php\/wp-json\/wp\/v2\/product\/1129","targetHints":{"allow":["GET"]}}],"collection":[{"href":"https:\/\/www.bumbumdepanoeco.com.br\/index.php\/wp-json\/wp\/v2\/product"}],"about":[{"href":"https:\/\/www.bumbumdepanoeco.com.br\/index.php\/wp-json\/wp\/v2\/types\/product"}],"replies":[{"embeddable":true,"href":"https:\/\/www.bumbumdepanoeco.com.br\/index.php\/wp-json\/wp\/v2\/comments?post=1129"}],"wp:featuredmedia":[{"embeddable":true,"href":"https:\/\/www.bumbumdepanoeco.com.br\/index.php\/wp-json\/wp\/v2\/media\/1160"}],"wp:attachment":[{"href":"https:\/\/www.bumbumdepanoeco.com.br\/index.php\/wp-json\/wp\/v2\/media?parent=1129"}],"wp:term":[{"taxonomy":"product_brand","embeddable":true,"href":"https:\/\/www.bumbumdepanoeco.com.br\/index.php\/wp-json\/wp\/v2\/product_brand?post=1129"},{"taxonomy":"product_cat","embeddable":true,"href":"https:\/\/www.bumbumdepanoeco.com.br\/index.php\/wp-json\/wp\/v2\/product_cat?post=1129"},{"taxonomy":"product_tag","embeddable":true,"href":"https:\/\/www.bumbumdepanoeco.com.br\/index.php\/wp-json\/wp\/v2\/product_tag?post=1129"}],"curies":[{"name":"wp","href":"https:\/\/api.w.org\/{rel}","templated":true}]}}