{"id":1589,"date":"2022-06-23T12:25:04","date_gmt":"2022-06-23T15:25:04","guid":{"rendered":"https:\/\/www.bumbumdepanoeco.com.br\/?post_type=product&#038;p=1589"},"modified":"2024-01-23T21:04:54","modified_gmt":"2024-01-24T00:04:54","slug":"absorvente-menstrual-beija-flor-tam-g-32x19","status":"publish","type":"product","link":"https:\/\/www.bumbumdepanoeco.com.br\/index.php\/product\/absorvente-menstrual-beija-flor-tam-g-32x19\/","title":{"rendered":"Absorvente Menstrual tam G 32&#215;19"},"content":{"rendered":"<p>Os absorventes menstruais de pano substituem os descart\u00e1veis gerando sustentabilidade, e economia e mais sa\u00fade para a mulher, s\u00e3o mais higi\u00eanicos porque s\u00e3o respir\u00e1veis, o que evita a prolifera\u00e7\u00e3o de bact\u00e9rias que geram o mau odor e at\u00e9 infec\u00e7\u00f5es. Podem ser lavados na m\u00e1quina.<\/p>\n","protected":false},"excerpt":{"rendered":"<p>Absorvente menstrual fluxo intenso e noturno, com exterior Pul (imperme\u00e1vel) e interior em carv\u00e3o de bambu.<\/p>\n","protected":false},"featured_media":1146,"comment_status":"open","ping_status":"closed","template":"","meta":{"_joinchat":[]},"product_brand":[],"product_cat":[267,52,54],"product_tag":[],"class_list":{"0":"post-1589","1":"product","2":"type-product","3":"status-publish","4":"has-post-thumbnail","6":"product_cat-produtos","7":"product_cat-cuidados-femininos","8":"product_cat-absorvente-menstrual","10":"first","11":"outofstock","12":"shipping-taxable","13":"purchasable","14":"product-type-variable"},"_links":{"self":[{"href":"https:\/\/www.bumbumdepanoeco.com.br\/index.php\/wp-json\/wp\/v2\/product\/1589","targetHints":{"allow":["GET"]}}],"collection":[{"href":"https:\/\/www.bumbumdepanoeco.com.br\/index.php\/wp-json\/wp\/v2\/product"}],"about":[{"href":"https:\/\/www.bumbumdepanoeco.com.br\/index.php\/wp-json\/wp\/v2\/types\/product"}],"replies":[{"embeddable":true,"href":"https:\/\/www.bumbumdepanoeco.com.br\/index.php\/wp-json\/wp\/v2\/comments?post=1589"}],"wp:featuredmedia":[{"embeddable":true,"href":"https:\/\/www.bumbumdepanoeco.com.br\/index.php\/wp-json\/wp\/v2\/media\/1146"}],"wp:attachment":[{"href":"https:\/\/www.bumbumdepanoeco.com.br\/index.php\/wp-json\/wp\/v2\/media?parent=1589"}],"wp:term":[{"taxonomy":"product_brand","embeddable":true,"href":"https:\/\/www.bumbumdepanoeco.com.br\/index.php\/wp-json\/wp\/v2\/product_brand?post=1589"},{"taxonomy":"product_cat","embeddable":true,"href":"https:\/\/www.bumbumdepanoeco.com.br\/index.php\/wp-json\/wp\/v2\/product_cat?post=1589"},{"taxonomy":"product_tag","embeddable":true,"href":"https:\/\/www.bumbumdepanoeco.com.br\/index.php\/wp-json\/wp\/v2\/product_tag?post=1589"}],"curies":[{"name":"wp","href":"https:\/\/api.w.org\/{rel}","templated":true}]}}