{"id":1613,"date":"2022-06-23T14:35:12","date_gmt":"2022-06-23T17:35:12","guid":{"rendered":"https:\/\/www.bumbumdepanoeco.com.br\/?post_type=product&#038;p=1613"},"modified":"2023-11-07T16:48:18","modified_gmt":"2023-11-07T19:48:18","slug":"par-de-absorvente-para-amamentacao-lego","status":"publish","type":"product","link":"https:\/\/www.bumbumdepanoeco.com.br\/index.php\/product\/par-de-absorvente-para-amamentacao-lego\/","title":{"rendered":"Par de Absorvente para amamenta\u00e7\u00e3o Lego"},"content":{"rendered":"<p>Par de absorventes de seio para amamenta\u00e7\u00e3o, exterior em Pul, com 2 camadas Absorventes de Melton, indicados para ser usados no primeiro per\u00edodo da amamenta\u00e7\u00e3o, onde a produ\u00e7\u00e3o de leite ainda n\u00e3o se ajustou a demanda do beb\u00ea, e acaba vazando. Pode ser usado tamb\u00e9m como Pad para remover maquiagem, para limpayo bumbu do beb\u00ea ou at\u00e9 como suporte para copos.<\/p>\n","protected":false},"excerpt":{"rendered":"<p>Podem ser lavados na m\u00e1quina<\/p>\n","protected":false},"featured_media":1168,"comment_status":"open","ping_status":"closed","template":"","meta":{"_joinchat":[]},"product_brand":[],"product_cat":[267,52,53],"product_tag":[],"class_list":{"0":"post-1613","1":"product","2":"type-product","3":"status-publish","4":"has-post-thumbnail","6":"product_cat-produtos","7":"product_cat-cuidados-femininos","8":"product_cat-absorvente-p-amamentacao","10":"first","11":"instock","12":"shipping-taxable","13":"purchasable","14":"product-type-simple"},"_links":{"self":[{"href":"https:\/\/www.bumbumdepanoeco.com.br\/index.php\/wp-json\/wp\/v2\/product\/1613","targetHints":{"allow":["GET"]}}],"collection":[{"href":"https:\/\/www.bumbumdepanoeco.com.br\/index.php\/wp-json\/wp\/v2\/product"}],"about":[{"href":"https:\/\/www.bumbumdepanoeco.com.br\/index.php\/wp-json\/wp\/v2\/types\/product"}],"replies":[{"embeddable":true,"href":"https:\/\/www.bumbumdepanoeco.com.br\/index.php\/wp-json\/wp\/v2\/comments?post=1613"}],"wp:featuredmedia":[{"embeddable":true,"href":"https:\/\/www.bumbumdepanoeco.com.br\/index.php\/wp-json\/wp\/v2\/media\/1168"}],"wp:attachment":[{"href":"https:\/\/www.bumbumdepanoeco.com.br\/index.php\/wp-json\/wp\/v2\/media?parent=1613"}],"wp:term":[{"taxonomy":"product_brand","embeddable":true,"href":"https:\/\/www.bumbumdepanoeco.com.br\/index.php\/wp-json\/wp\/v2\/product_brand?post=1613"},{"taxonomy":"product_cat","embeddable":true,"href":"https:\/\/www.bumbumdepanoeco.com.br\/index.php\/wp-json\/wp\/v2\/product_cat?post=1613"},{"taxonomy":"product_tag","embeddable":true,"href":"https:\/\/www.bumbumdepanoeco.com.br\/index.php\/wp-json\/wp\/v2\/product_tag?post=1613"}],"curies":[{"name":"wp","href":"https:\/\/api.w.org\/{rel}","templated":true}]}}