{"id":1665,"date":"2022-06-24T10:22:01","date_gmt":"2022-06-24T13:22:01","guid":{"rendered":"https:\/\/www.bumbumdepanoeco.com.br\/?post_type=product&#038;p=1665"},"modified":"2023-11-16T19:54:55","modified_gmt":"2023-11-16T22:54:55","slug":"petricor-hermione","status":"publish","type":"product","link":"https:\/\/www.bumbumdepanoeco.com.br\/index.php\/product\/petricor-hermione\/","title":{"rendered":"Petricor Hermione"},"content":{"rendered":"<p>Absorventes Vendidos separadamente<\/p>\n<p>As Fraldas ecol\u00f3gicas podem ser lavadas na m\u00e1quina, facilitando a rotina, s\u00e3o pr\u00e1ticas mais saud\u00e1veis, econ\u00f4micas e sustent\u00e1veis a melhor op\u00e7\u00e3o para cuidar da sa\u00fade do seu beb\u00ea e do Planeta, e ainda economizar.<\/p>\n","protected":false},"excerpt":{"rendered":"<p>Vestem de 4kg a 18kg, Exterior em Pul, interior em dryfit abas el\u00e1sticas.<\/p>\n","protected":false},"featured_media":1338,"comment_status":"open","ping_status":"closed","template":"","meta":{"_joinchat":[]},"product_brand":[],"product_cat":[35,267],"product_tag":[],"class_list":{"0":"post-1665","1":"product","2":"type-product","3":"status-publish","4":"has-post-thumbnail","6":"product_cat-ofertas","7":"product_cat-produtos","9":"first","10":"outofstock","11":"sale","12":"shipping-taxable","13":"purchasable","14":"product-type-simple"},"_links":{"self":[{"href":"https:\/\/www.bumbumdepanoeco.com.br\/index.php\/wp-json\/wp\/v2\/product\/1665","targetHints":{"allow":["GET"]}}],"collection":[{"href":"https:\/\/www.bumbumdepanoeco.com.br\/index.php\/wp-json\/wp\/v2\/product"}],"about":[{"href":"https:\/\/www.bumbumdepanoeco.com.br\/index.php\/wp-json\/wp\/v2\/types\/product"}],"replies":[{"embeddable":true,"href":"https:\/\/www.bumbumdepanoeco.com.br\/index.php\/wp-json\/wp\/v2\/comments?post=1665"}],"wp:featuredmedia":[{"embeddable":true,"href":"https:\/\/www.bumbumdepanoeco.com.br\/index.php\/wp-json\/wp\/v2\/media\/1338"}],"wp:attachment":[{"href":"https:\/\/www.bumbumdepanoeco.com.br\/index.php\/wp-json\/wp\/v2\/media?parent=1665"}],"wp:term":[{"taxonomy":"product_brand","embeddable":true,"href":"https:\/\/www.bumbumdepanoeco.com.br\/index.php\/wp-json\/wp\/v2\/product_brand?post=1665"},{"taxonomy":"product_cat","embeddable":true,"href":"https:\/\/www.bumbumdepanoeco.com.br\/index.php\/wp-json\/wp\/v2\/product_cat?post=1665"},{"taxonomy":"product_tag","embeddable":true,"href":"https:\/\/www.bumbumdepanoeco.com.br\/index.php\/wp-json\/wp\/v2\/product_tag?post=1665"}],"curies":[{"name":"wp","href":"https:\/\/api.w.org\/{rel}","templated":true}]}}