{"id":1676,"date":"2022-06-24T11:10:48","date_gmt":"2022-06-24T14:10:48","guid":{"rendered":"https:\/\/www.bumbumdepanoeco.com.br\/?post_type=product&#038;p=1676"},"modified":"2024-01-27T12:52:54","modified_gmt":"2024-01-27T15:52:54","slug":"fralda-new-suede-bailarina","status":"publish","type":"product","link":"https:\/\/www.bumbumdepanoeco.com.br\/index.php\/product\/fralda-new-suede-bailarina\/","title":{"rendered":"Fralda New Suede Bailarina"},"content":{"rendered":"<p>Exterior em New Suede, interior em dryfit, imperme\u00e1vel em nylon emborrachado, abas el\u00e1sticas e anat\u00f4micas em neoprene, bot\u00f5es achatados e anat\u00f4micos que n\u00e3o machucam, el\u00e1sticos macios que n\u00e3o apertam, bot\u00e3o de cora\u00e7\u00e3o decorativo. Super macias e confort\u00e1veis, vestem de 4 a 18kg.<\/p>\n<p>Absorvente Vendido separadamente<\/p>\n<p>&#8211; Podem ser lavadas na m\u00e1quina, al\u00e9m de econ\u00f4micas s\u00e3o super pr\u00e1ticas, basta bater na m\u00e1quina, estender e usar novamente.<\/p>\n","protected":false},"excerpt":{"rendered":"<p>Fralda Ecol\u00f3gica feitas no Brasil, com muito amor de m\u00e3e, para proporcionar ao seu beb\u00ea o conforto que ele merece.<\/p>\n","protected":false},"featured_media":1447,"comment_status":"open","ping_status":"closed","template":"","meta":{"_joinchat":[]},"product_brand":[],"product_cat":[267,36,37],"product_tag":[],"class_list":{"0":"post-1676","1":"product","2":"type-product","3":"status-publish","4":"has-post-thumbnail","6":"product_cat-produtos","7":"product_cat-fraldas-absorventes-e-acessorios","8":"product_cat-fraldas-bumbum-de-pano","10":"first","11":"instock","12":"shipping-taxable","13":"purchasable","14":"product-type-simple"},"_links":{"self":[{"href":"https:\/\/www.bumbumdepanoeco.com.br\/index.php\/wp-json\/wp\/v2\/product\/1676","targetHints":{"allow":["GET"]}}],"collection":[{"href":"https:\/\/www.bumbumdepanoeco.com.br\/index.php\/wp-json\/wp\/v2\/product"}],"about":[{"href":"https:\/\/www.bumbumdepanoeco.com.br\/index.php\/wp-json\/wp\/v2\/types\/product"}],"replies":[{"embeddable":true,"href":"https:\/\/www.bumbumdepanoeco.com.br\/index.php\/wp-json\/wp\/v2\/comments?post=1676"}],"wp:featuredmedia":[{"embeddable":true,"href":"https:\/\/www.bumbumdepanoeco.com.br\/index.php\/wp-json\/wp\/v2\/media\/1447"}],"wp:attachment":[{"href":"https:\/\/www.bumbumdepanoeco.com.br\/index.php\/wp-json\/wp\/v2\/media?parent=1676"}],"wp:term":[{"taxonomy":"product_brand","embeddable":true,"href":"https:\/\/www.bumbumdepanoeco.com.br\/index.php\/wp-json\/wp\/v2\/product_brand?post=1676"},{"taxonomy":"product_cat","embeddable":true,"href":"https:\/\/www.bumbumdepanoeco.com.br\/index.php\/wp-json\/wp\/v2\/product_cat?post=1676"},{"taxonomy":"product_tag","embeddable":true,"href":"https:\/\/www.bumbumdepanoeco.com.br\/index.php\/wp-json\/wp\/v2\/product_tag?post=1676"}],"curies":[{"name":"wp","href":"https:\/\/api.w.org\/{rel}","templated":true}]}}