{"id":2446,"date":"2022-08-12T23:12:06","date_gmt":"2022-08-13T02:12:06","guid":{"rendered":"https:\/\/www.bumbumdepanoeco.com.br\/?post_type=product&#038;p=2446"},"modified":"2023-11-07T16:44:39","modified_gmt":"2023-11-07T19:44:39","slug":"rn-petequinho-lycra-abstrato","status":"publish","type":"product","link":"https:\/\/www.bumbumdepanoeco.com.br\/index.php\/product\/rn-petequinho-lycra-abstrato\/","title":{"rendered":"RN Petequinho (Lycra) &#8211; Abstrato"},"content":{"rendered":"<p style=\"text-align: left;\">Fralda RN Brasileira veste de 2 a 8kg. Modelo fralda com bolso, exterior em Lycra de Pet reciclado, imperme\u00e1vel em nylon emborrachado, interior em dryfit, barreira de soft mas pernas e bot\u00f5es Ritas.<\/p>\n<p>*Absorvente vendido separadamente*<\/p>\n<p>Para fralda RN compre absorvente 4 camadas. Voc\u00ea ir\u00e1 dobra-lo em 6 pelo lado mais largo, ficar\u00e1 um absorvente RN 6 camadas.<\/p>\n<p>Podem ser lavadas na m\u00e1quina, n\u00e3o lavar com \u00e1gua acima de 40\u00b0.<\/p>\n","protected":false},"excerpt":{"rendered":"<p style=\"text-align: center;\">Fralda RN Brasileira veste de 2 a 8kg. Modelo fralda com bolso, exterior em Lycra de Pet reciclado, imperme\u00e1vel em nylon emborrachado, interior em dryfit, barreira de soft mas pernas e bot\u00f5es Ritas.<\/p>\n<p>*Absorvente vendido separadamente*<\/p>\n","protected":false},"featured_media":2402,"comment_status":"open","ping_status":"closed","template":"","meta":{"_joinchat":[]},"product_brand":[],"product_cat":[35,267,36,56],"product_tag":[],"class_list":{"0":"post-2446","1":"product","2":"type-product","3":"status-publish","4":"has-post-thumbnail","6":"product_cat-ofertas","7":"product_cat-produtos","8":"product_cat-fraldas-absorventes-e-acessorios","9":"product_cat-recem-nascido","11":"first","12":"outofstock","13":"sale","14":"shipping-taxable","15":"purchasable","16":"product-type-simple"},"_links":{"self":[{"href":"https:\/\/www.bumbumdepanoeco.com.br\/index.php\/wp-json\/wp\/v2\/product\/2446","targetHints":{"allow":["GET"]}}],"collection":[{"href":"https:\/\/www.bumbumdepanoeco.com.br\/index.php\/wp-json\/wp\/v2\/product"}],"about":[{"href":"https:\/\/www.bumbumdepanoeco.com.br\/index.php\/wp-json\/wp\/v2\/types\/product"}],"replies":[{"embeddable":true,"href":"https:\/\/www.bumbumdepanoeco.com.br\/index.php\/wp-json\/wp\/v2\/comments?post=2446"}],"wp:featuredmedia":[{"embeddable":true,"href":"https:\/\/www.bumbumdepanoeco.com.br\/index.php\/wp-json\/wp\/v2\/media\/2402"}],"wp:attachment":[{"href":"https:\/\/www.bumbumdepanoeco.com.br\/index.php\/wp-json\/wp\/v2\/media?parent=2446"}],"wp:term":[{"taxonomy":"product_brand","embeddable":true,"href":"https:\/\/www.bumbumdepanoeco.com.br\/index.php\/wp-json\/wp\/v2\/product_brand?post=2446"},{"taxonomy":"product_cat","embeddable":true,"href":"https:\/\/www.bumbumdepanoeco.com.br\/index.php\/wp-json\/wp\/v2\/product_cat?post=2446"},{"taxonomy":"product_tag","embeddable":true,"href":"https:\/\/www.bumbumdepanoeco.com.br\/index.php\/wp-json\/wp\/v2\/product_tag?post=2446"}],"curies":[{"name":"wp","href":"https:\/\/api.w.org\/{rel}","templated":true}]}}