{"id":2616,"date":"2022-08-20T15:01:34","date_gmt":"2022-08-20T18:01:34","guid":{"rendered":"https:\/\/www.bumbumdepanoeco.com.br\/?post_type=product&#038;p=2616"},"modified":"2024-03-28T20:02:42","modified_gmt":"2024-03-28T23:02:42","slug":"little-bloomz-capa-unicornio","status":"publish","type":"product","link":"https:\/\/www.bumbumdepanoeco.com.br\/index.php\/product\/little-bloomz-capa-unicornio\/","title":{"rendered":"Little &#038; Bloomz (Capa) &#8211; Unic\u00f3rnio"},"content":{"rendered":"<p style=\"text-align: center;\">Fralda Chinesa de excelente qualidade, exterior em Pul, modelo capa, n\u00e3o tem bolso interno. bot\u00f5es achatados que n\u00e3o machucam.<\/p>\n<p>Vestem de 3 a 15kg<\/p>\n<p>*Absorvente vendido separadamente*<\/p>\n<p>Posem ser lavadas na m\u00e1quina em temperatura a baixo de 40\u00b0, n\u00e3o pode secar na secadora.<\/p>\n","protected":false},"excerpt":{"rendered":"<p>Fralda Chinesa de excelente qualidade, exterior em Pul, modelo capa, n\u00e3o tem bolso interno. bot\u00f5es achatados que n\u00e3o machucam.<\/p>\n<p>Vestem de 3 a 15kg<\/p>\n<p>*Absorvente vendido separadamente*<\/p>\n","protected":false},"featured_media":2611,"comment_status":"open","ping_status":"closed","template":"","meta":{"_joinchat":[]},"product_brand":[],"product_cat":[35,267,36,247],"product_tag":[],"class_list":{"0":"post-2616","1":"product","2":"type-product","3":"status-publish","4":"has-post-thumbnail","6":"product_cat-ofertas","7":"product_cat-produtos","8":"product_cat-fraldas-absorventes-e-acessorios","9":"product_cat-fraldas-importadas","11":"first","12":"instock","13":"sale","14":"shipping-taxable","15":"purchasable","16":"product-type-simple"},"_links":{"self":[{"href":"https:\/\/www.bumbumdepanoeco.com.br\/index.php\/wp-json\/wp\/v2\/product\/2616","targetHints":{"allow":["GET"]}}],"collection":[{"href":"https:\/\/www.bumbumdepanoeco.com.br\/index.php\/wp-json\/wp\/v2\/product"}],"about":[{"href":"https:\/\/www.bumbumdepanoeco.com.br\/index.php\/wp-json\/wp\/v2\/types\/product"}],"replies":[{"embeddable":true,"href":"https:\/\/www.bumbumdepanoeco.com.br\/index.php\/wp-json\/wp\/v2\/comments?post=2616"}],"wp:featuredmedia":[{"embeddable":true,"href":"https:\/\/www.bumbumdepanoeco.com.br\/index.php\/wp-json\/wp\/v2\/media\/2611"}],"wp:attachment":[{"href":"https:\/\/www.bumbumdepanoeco.com.br\/index.php\/wp-json\/wp\/v2\/media?parent=2616"}],"wp:term":[{"taxonomy":"product_brand","embeddable":true,"href":"https:\/\/www.bumbumdepanoeco.com.br\/index.php\/wp-json\/wp\/v2\/product_brand?post=2616"},{"taxonomy":"product_cat","embeddable":true,"href":"https:\/\/www.bumbumdepanoeco.com.br\/index.php\/wp-json\/wp\/v2\/product_cat?post=2616"},{"taxonomy":"product_tag","embeddable":true,"href":"https:\/\/www.bumbumdepanoeco.com.br\/index.php\/wp-json\/wp\/v2\/product_tag?post=2616"}],"curies":[{"name":"wp","href":"https:\/\/api.w.org\/{rel}","templated":true}]}}