{"id":2640,"date":"2022-08-29T17:52:47","date_gmt":"2022-08-29T20:52:47","guid":{"rendered":"https:\/\/www.bumbumdepanoeco.com.br\/?post_type=product&#038;p=2640"},"modified":"2024-08-26T12:39:32","modified_gmt":"2024-08-26T15:39:32","slug":"short-de-soft-p-ursinhos","status":"publish","type":"product","link":"https:\/\/www.bumbumdepanoeco.com.br\/index.php\/product\/short-de-soft-p-ursinhos\/","title":{"rendered":"Short de Soft P &#8211; Ursinhos"},"content":{"rendered":"<p>O Microsoft \u00e9 um tecido que quando lavado com amaciante fica imperme\u00e1vel, ent\u00e3o pode ser usado como capa noturna, pois n\u00e3o vaza. Ele pode ser usado por cima da fitted, prefold, ou at\u00e9 por cima da fralda pra evitar vazamento.<\/p>\n<p>N\u00e3o d\u00e1 pra usar com absorvente solto. funciona como uma capinha e pode colocar cal\u00e7a por cima. Ajuste da cintura por el\u00e1stico caseado.<\/p>\n<p>Tamanhos &#8211; P serve at\u00e9 23cm cintura 21cm altura do short &#8211; M serve at\u00e9 27cm cintura 23cm altura do short &#8211; G serve at\u00e9 30cm cintura 27cm altura do short &#8211; GG serve at\u00e9 33cm cintura 29cm altura do short<\/p>\n","protected":false},"excerpt":{"rendered":"<blockquote>\n<p style=\"text-align: left;\">Short de Soft, com ajuste em el\u00e1stico caseado. Ideal pra usar de noite, pois quando lavados com amaciante o soft fica imperme\u00e1vel.<\/p>\n<\/blockquote>\n<p>&nbsp;<\/p>\n<p>Tamanhos &#8211; P serve at\u00e9 23cm cintura 21cm altura do short &#8211; M serve at\u00e9 27cm cintura 23cm altura do short &#8211; G serve at\u00e9 30cm cintura 27cm altura do short &#8211; GG serve at\u00e9 33cm cintura 29cm altura do short<\/p>\n","protected":false},"featured_media":2628,"comment_status":"open","ping_status":"closed","template":"","meta":{"_joinchat":[]},"product_brand":[],"product_cat":[35,267],"product_tag":[],"class_list":{"0":"post-2640","1":"product","2":"type-product","3":"status-publish","4":"has-post-thumbnail","6":"product_cat-ofertas","7":"product_cat-produtos","9":"first","10":"instock","11":"sale","12":"shipping-taxable","13":"purchasable","14":"product-type-simple"},"_links":{"self":[{"href":"https:\/\/www.bumbumdepanoeco.com.br\/index.php\/wp-json\/wp\/v2\/product\/2640","targetHints":{"allow":["GET"]}}],"collection":[{"href":"https:\/\/www.bumbumdepanoeco.com.br\/index.php\/wp-json\/wp\/v2\/product"}],"about":[{"href":"https:\/\/www.bumbumdepanoeco.com.br\/index.php\/wp-json\/wp\/v2\/types\/product"}],"replies":[{"embeddable":true,"href":"https:\/\/www.bumbumdepanoeco.com.br\/index.php\/wp-json\/wp\/v2\/comments?post=2640"}],"wp:featuredmedia":[{"embeddable":true,"href":"https:\/\/www.bumbumdepanoeco.com.br\/index.php\/wp-json\/wp\/v2\/media\/2628"}],"wp:attachment":[{"href":"https:\/\/www.bumbumdepanoeco.com.br\/index.php\/wp-json\/wp\/v2\/media?parent=2640"}],"wp:term":[{"taxonomy":"product_brand","embeddable":true,"href":"https:\/\/www.bumbumdepanoeco.com.br\/index.php\/wp-json\/wp\/v2\/product_brand?post=2640"},{"taxonomy":"product_cat","embeddable":true,"href":"https:\/\/www.bumbumdepanoeco.com.br\/index.php\/wp-json\/wp\/v2\/product_cat?post=2640"},{"taxonomy":"product_tag","embeddable":true,"href":"https:\/\/www.bumbumdepanoeco.com.br\/index.php\/wp-json\/wp\/v2\/product_tag?post=2640"}],"curies":[{"name":"wp","href":"https:\/\/api.w.org\/{rel}","templated":true}]}}