{"id":2784,"date":"2022-09-13T16:39:57","date_gmt":"2022-09-13T19:39:57","guid":{"rendered":"https:\/\/www.bumbumdepanoeco.com.br\/?post_type=product&#038;p=2784"},"modified":"2023-11-07T16:42:54","modified_gmt":"2023-11-07T19:42:54","slug":"pulseira-tornozeleira-de-ambar-regulavel-limao-polido","status":"publish","type":"product","link":"https:\/\/www.bumbumdepanoeco.com.br\/index.php\/product\/pulseira-tornozeleira-de-ambar-regulavel-limao-polido\/","title":{"rendered":"Pulseira\/Tornozeleira de \u00c2mbar Regul\u00e1vel &#8211; Lim\u00e3o Polido"},"content":{"rendered":"<blockquote>\n<ol>\n<li>O \u00e2mbar \u00e9 uma resina f\u00f3ssil de \u00e1rvores de 50 milh\u00f5es de anos encontrada no mar B\u00e1ltico. Acredita-se que sejam usados pelo homem desde a idade das pedras Alguns estudiosos (como Hip\u00f3crates) descreveram as propriedades terap\u00eauticas dos \u00c2mbar que foram usadas por cientistas at\u00e9 a idade m\u00e9dia. Na Roma antiga era utilizada para preven\u00e7\u00e3o de doen\u00e7as e na Alemanha na \u00e9poca da segunda guerra mundial era usado n\u00f3s beb\u00eas para aliviar as dores do nascimento dos dentes.<\/li>\n<\/ol>\n<\/blockquote>\n<p>O \u00e1cido succ\u00ednico tamb\u00e9m atua como um poderoso relaxante neuromuscular, al\u00e9m de ter propriedades analg\u00e9sicas e anti-inflamat\u00f3rias, acelerando o processo de cura natural e de equil\u00edbrio das energias do corpo.<\/p>\n","protected":false},"excerpt":{"rendered":"<blockquote><p>Regula de 10cm a 20cm, serve em beb\u00eas RN at\u00e9 adultos<\/p><\/blockquote>\n<p>Acompanha certificado de autenticidade e garantia de 6 meses.<\/p>\n","protected":false},"featured_media":2794,"comment_status":"open","ping_status":"closed","template":"","meta":{"_joinchat":[]},"product_brand":[],"product_cat":[267,44,46],"product_tag":[],"class_list":{"0":"post-2784","1":"product","2":"type-product","3":"status-publish","4":"has-post-thumbnail","6":"product_cat-produtos","7":"product_cat-ambar-baltico","8":"product_cat-pulseira-regulavel-10cm-a-20cm","10":"first","11":"outofstock","12":"sale","13":"shipping-taxable","14":"purchasable","15":"product-type-simple"},"_links":{"self":[{"href":"https:\/\/www.bumbumdepanoeco.com.br\/index.php\/wp-json\/wp\/v2\/product\/2784","targetHints":{"allow":["GET"]}}],"collection":[{"href":"https:\/\/www.bumbumdepanoeco.com.br\/index.php\/wp-json\/wp\/v2\/product"}],"about":[{"href":"https:\/\/www.bumbumdepanoeco.com.br\/index.php\/wp-json\/wp\/v2\/types\/product"}],"replies":[{"embeddable":true,"href":"https:\/\/www.bumbumdepanoeco.com.br\/index.php\/wp-json\/wp\/v2\/comments?post=2784"}],"wp:featuredmedia":[{"embeddable":true,"href":"https:\/\/www.bumbumdepanoeco.com.br\/index.php\/wp-json\/wp\/v2\/media\/2794"}],"wp:attachment":[{"href":"https:\/\/www.bumbumdepanoeco.com.br\/index.php\/wp-json\/wp\/v2\/media?parent=2784"}],"wp:term":[{"taxonomy":"product_brand","embeddable":true,"href":"https:\/\/www.bumbumdepanoeco.com.br\/index.php\/wp-json\/wp\/v2\/product_brand?post=2784"},{"taxonomy":"product_cat","embeddable":true,"href":"https:\/\/www.bumbumdepanoeco.com.br\/index.php\/wp-json\/wp\/v2\/product_cat?post=2784"},{"taxonomy":"product_tag","embeddable":true,"href":"https:\/\/www.bumbumdepanoeco.com.br\/index.php\/wp-json\/wp\/v2\/product_tag?post=2784"}],"curies":[{"name":"wp","href":"https:\/\/api.w.org\/{rel}","templated":true}]}}