{"id":3216,"date":"2022-12-03T13:28:33","date_gmt":"2022-12-03T16:28:33","guid":{"rendered":"https:\/\/www.bumbumdepanoeco.com.br\/?post_type=product&#038;p=3216"},"modified":"2023-11-07T16:40:47","modified_gmt":"2023-11-07T19:40:47","slug":"kit-chapeu-blusa-e-fralda-6m-a-18m-2","status":"publish","type":"product","link":"https:\/\/www.bumbumdepanoeco.com.br\/index.php\/product\/kit-chapeu-blusa-e-fralda-6m-a-18m-2\/","title":{"rendered":"Conjunto &#8211; Chap\u00e9u, Blusa e Fralda (6m a 18m)"},"content":{"rendered":"<p style=\"text-align: left;\">Kit com Chap\u00e9u, blusa e fralda com prote\u00e7\u00e3o UV<\/p>\n<p>Chap\u00e9u regul\u00e1vel de RN at\u00e9 3 anos, Fralda veste de 4kg at\u00e9 18kg, blusa de 6m a 18m<\/p>\n","protected":false},"excerpt":{"rendered":"<p>Chap\u00e9u e Blusa feita em Lycra praia com prote\u00e7\u00e3o UV 50+ fralda em Tactel com aba em neoprene<\/p>\n","protected":false},"featured_media":3214,"comment_status":"open","ping_status":"closed","template":"","meta":{"_joinchat":[]},"product_brand":[],"product_cat":[267,47],"product_tag":[],"class_list":{"0":"post-3216","1":"product","2":"type-product","3":"status-publish","4":"has-post-thumbnail","6":"product_cat-produtos","7":"product_cat-roupas-com-protecao-uv-50","9":"first","10":"instock","11":"shipping-taxable","12":"purchasable","13":"product-type-simple"},"_links":{"self":[{"href":"https:\/\/www.bumbumdepanoeco.com.br\/index.php\/wp-json\/wp\/v2\/product\/3216","targetHints":{"allow":["GET"]}}],"collection":[{"href":"https:\/\/www.bumbumdepanoeco.com.br\/index.php\/wp-json\/wp\/v2\/product"}],"about":[{"href":"https:\/\/www.bumbumdepanoeco.com.br\/index.php\/wp-json\/wp\/v2\/types\/product"}],"replies":[{"embeddable":true,"href":"https:\/\/www.bumbumdepanoeco.com.br\/index.php\/wp-json\/wp\/v2\/comments?post=3216"}],"wp:featuredmedia":[{"embeddable":true,"href":"https:\/\/www.bumbumdepanoeco.com.br\/index.php\/wp-json\/wp\/v2\/media\/3214"}],"wp:attachment":[{"href":"https:\/\/www.bumbumdepanoeco.com.br\/index.php\/wp-json\/wp\/v2\/media?parent=3216"}],"wp:term":[{"taxonomy":"product_brand","embeddable":true,"href":"https:\/\/www.bumbumdepanoeco.com.br\/index.php\/wp-json\/wp\/v2\/product_brand?post=3216"},{"taxonomy":"product_cat","embeddable":true,"href":"https:\/\/www.bumbumdepanoeco.com.br\/index.php\/wp-json\/wp\/v2\/product_cat?post=3216"},{"taxonomy":"product_tag","embeddable":true,"href":"https:\/\/www.bumbumdepanoeco.com.br\/index.php\/wp-json\/wp\/v2\/product_tag?post=3216"}],"curies":[{"name":"wp","href":"https:\/\/api.w.org\/{rel}","templated":true}]}}