{"id":3638,"date":"2023-10-26T20:48:26","date_gmt":"2023-10-26T23:48:26","guid":{"rendered":"https:\/\/www.bumbumdepanoeco.com.br\/?post_type=product&#038;p=3638"},"modified":"2025-02-25T21:02:27","modified_gmt":"2025-02-26T00:02:27","slug":"saco-p-snoopy","status":"publish","type":"product","link":"https:\/\/www.bumbumdepanoeco.com.br\/index.php\/product\/saco-p-snoopy\/","title":{"rendered":"Saco P &#8211; Snoopy"},"content":{"rendered":"<p>Saco imperme\u00e1vel 20&#215;30 cabe 2 fraldas com 2 absorventes.<\/p>\n<p>Frente estampada em New Suede 100% poli\u00e9ster, imperme\u00e1vel em nylon emborrachado, um z\u00edper de veda\u00e7\u00e3o frontal.<\/p>\n<p>N\u00e3o vaza cheiro, ideal para passeios curtos onde n\u00e3o haver\u00e1 muitas trocas de fraldas, e podem ser usados tamb\u00e9m para guardar roupas molhadas de piscina, praia.<\/p>\n<p>&nbsp;<\/p>\n<p>&nbsp;<\/p>\n","protected":false},"excerpt":{"rendered":"<ol>\n<li>Saco para armazenar as fraldas sujas em passeios externos r\u00e1pidos, tamanho 20&#215;30.<\/li>\n<\/ol>\n<p>Material &#8211; Imperme\u00e1vel em Nylon Emborrachado, frete estampada em New Suede.<\/p>\n","protected":false},"featured_media":3632,"comment_status":"open","ping_status":"closed","template":"","meta":{"_joinchat":[]},"product_brand":[],"product_cat":[235,265],"product_tag":[241,239,266],"class_list":{"0":"post-3638","1":"product","2":"type-product","3":"status-publish","4":"has-post-thumbnail","6":"product_cat-sacos-impermeaveis","7":"product_cat-saco-p-20x30","8":"product_tag-fralda-de-pano-moderna","9":"product_tag-fralda-ecologica","10":"product_tag-saco-impermeavel","12":"first","13":"onbackorder","14":"shipping-taxable","15":"purchasable","16":"product-type-simple"},"_links":{"self":[{"href":"https:\/\/www.bumbumdepanoeco.com.br\/index.php\/wp-json\/wp\/v2\/product\/3638","targetHints":{"allow":["GET"]}}],"collection":[{"href":"https:\/\/www.bumbumdepanoeco.com.br\/index.php\/wp-json\/wp\/v2\/product"}],"about":[{"href":"https:\/\/www.bumbumdepanoeco.com.br\/index.php\/wp-json\/wp\/v2\/types\/product"}],"replies":[{"embeddable":true,"href":"https:\/\/www.bumbumdepanoeco.com.br\/index.php\/wp-json\/wp\/v2\/comments?post=3638"}],"wp:featuredmedia":[{"embeddable":true,"href":"https:\/\/www.bumbumdepanoeco.com.br\/index.php\/wp-json\/wp\/v2\/media\/3632"}],"wp:attachment":[{"href":"https:\/\/www.bumbumdepanoeco.com.br\/index.php\/wp-json\/wp\/v2\/media?parent=3638"}],"wp:term":[{"taxonomy":"product_brand","embeddable":true,"href":"https:\/\/www.bumbumdepanoeco.com.br\/index.php\/wp-json\/wp\/v2\/product_brand?post=3638"},{"taxonomy":"product_cat","embeddable":true,"href":"https:\/\/www.bumbumdepanoeco.com.br\/index.php\/wp-json\/wp\/v2\/product_cat?post=3638"},{"taxonomy":"product_tag","embeddable":true,"href":"https:\/\/www.bumbumdepanoeco.com.br\/index.php\/wp-json\/wp\/v2\/product_tag?post=3638"}],"curies":[{"name":"wp","href":"https:\/\/api.w.org\/{rel}","templated":true}]}}