{"id":3802,"date":"2023-12-21T15:17:08","date_gmt":"2023-12-21T18:17:08","guid":{"rendered":"https:\/\/www.bumbumdepanoeco.com.br\/?post_type=product&#038;p=3802"},"modified":"2024-07-29T15:34:43","modified_gmt":"2024-07-29T18:34:43","slug":"fralda-tam-especial-15kg-ate-30kg-turma-da-monica","status":"publish","type":"product","link":"https:\/\/www.bumbumdepanoeco.com.br\/index.php\/product\/fralda-tam-especial-15kg-ate-30kg-turma-da-monica\/","title":{"rendered":"Fralda tam. especial (15kg at\u00e9 30kg) &#8211; Turma da Monica"},"content":{"rendered":"<p>Fralda ecol\u00f3gica tamanho especial, veste de 15kg at\u00e9 30kg.<\/p>\n<p>Exterior em Suplex, interior em dryfit, imperme\u00e1vel em nylon emborrachado, aba el\u00e1stica em neoprene, e bot\u00f5es achatados que n\u00e3o machucam.<\/p>\n<p>Nossas fraldas possuem os el\u00e1sticos molinhos, para que n\u00e3o apertem e nem machuquem.<\/p>\n<p>&nbsp;<\/p>\n<p>&nbsp;<\/p>\n","protected":false},"excerpt":{"rendered":"<p>Fralda ecol\u00f3gica tamanho especial, veste de 15kg at\u00e9 30kg.<\/p>\n<p>Selecione nas op\u00e7\u00f5es a quantidade de absorventes TE de moletom 8 camadas que deseja.<\/p>\n<p>As Fraldas Bumbum de Pano foram desenvolvidas e produzidas por m\u00e3es que se preocupam com o conforto de seus filhos.<\/p>\n<blockquote><p>Nossas fraldas s\u00e3o anat\u00f4micas, e flex\u00edveis, com el\u00e1sticos molinhos, abas que n\u00e3o apertam e bot\u00f5es que n\u00e3o machucam.<\/p><\/blockquote>\n","protected":false},"featured_media":3806,"comment_status":"open","ping_status":"closed","template":"","meta":{"_joinchat":[]},"product_brand":[],"product_cat":[267,57],"product_tag":[],"class_list":{"0":"post-3802","1":"product","2":"type-product","3":"status-publish","4":"has-post-thumbnail","6":"product_cat-produtos","7":"product_cat-tam-especial-ate-30kg","9":"first","10":"instock","11":"shipping-taxable","12":"purchasable","13":"product-type-variable"},"_links":{"self":[{"href":"https:\/\/www.bumbumdepanoeco.com.br\/index.php\/wp-json\/wp\/v2\/product\/3802","targetHints":{"allow":["GET"]}}],"collection":[{"href":"https:\/\/www.bumbumdepanoeco.com.br\/index.php\/wp-json\/wp\/v2\/product"}],"about":[{"href":"https:\/\/www.bumbumdepanoeco.com.br\/index.php\/wp-json\/wp\/v2\/types\/product"}],"replies":[{"embeddable":true,"href":"https:\/\/www.bumbumdepanoeco.com.br\/index.php\/wp-json\/wp\/v2\/comments?post=3802"}],"wp:featuredmedia":[{"embeddable":true,"href":"https:\/\/www.bumbumdepanoeco.com.br\/index.php\/wp-json\/wp\/v2\/media\/3806"}],"wp:attachment":[{"href":"https:\/\/www.bumbumdepanoeco.com.br\/index.php\/wp-json\/wp\/v2\/media?parent=3802"}],"wp:term":[{"taxonomy":"product_brand","embeddable":true,"href":"https:\/\/www.bumbumdepanoeco.com.br\/index.php\/wp-json\/wp\/v2\/product_brand?post=3802"},{"taxonomy":"product_cat","embeddable":true,"href":"https:\/\/www.bumbumdepanoeco.com.br\/index.php\/wp-json\/wp\/v2\/product_cat?post=3802"},{"taxonomy":"product_tag","embeddable":true,"href":"https:\/\/www.bumbumdepanoeco.com.br\/index.php\/wp-json\/wp\/v2\/product_tag?post=3802"}],"curies":[{"name":"wp","href":"https:\/\/api.w.org\/{rel}","templated":true}]}}