{"id":3973,"date":"2024-03-14T14:26:24","date_gmt":"2024-03-14T17:26:24","guid":{"rendered":"https:\/\/www.bumbumdepanoeco.com.br\/?post_type=product&#038;p=3973"},"modified":"2025-02-25T20:16:36","modified_gmt":"2025-02-25T23:16:36","slug":"blusa-com-protecao-uv-rosa-5-a-7-anos","status":"publish","type":"product","link":"https:\/\/www.bumbumdepanoeco.com.br\/index.php\/product\/blusa-com-protecao-uv-rosa-5-a-7-anos\/","title":{"rendered":"Blusa com Prote\u00e7\u00e3o UV &#8211; Rosa 5 a 7 anos"},"content":{"rendered":"<p>Fresquinhas e confort\u00e1veis as blusas com prote\u00e7\u00e3o UV 50+ s\u00e3o a melhor op\u00e7\u00e3o para proteger seu filho (a) dos Raios UV sem precisar retocar o protetor o tempo todo. \u00c9 recomendado usar protetor mesmo usando a blusa, pelo menos 1x. Feitas em Lycra Praia<\/p>\n<p>&nbsp;<\/p>\n","protected":false},"excerpt":{"rendered":"<blockquote><p>Fresquinhas e confort\u00e1veis as blusas com prote\u00e7\u00e3o UV 50+ s\u00e3o a melhor op\u00e7\u00e3o para proteger seu filho (a) dos Raios UV sem precisar retocar o protetor o tempo todo. \u00c9 recomendado usar protetor mesmo usando a blusa, pelo menos 1x.<\/p><\/blockquote>\n","protected":false},"featured_media":3967,"comment_status":"open","ping_status":"closed","template":"","meta":{"_joinchat":[]},"product_brand":[],"product_cat":[35,267,47],"product_tag":[],"class_list":{"0":"post-3973","1":"product","2":"type-product","3":"status-publish","4":"has-post-thumbnail","6":"product_cat-ofertas","7":"product_cat-produtos","8":"product_cat-roupas-com-protecao-uv-50","10":"first","11":"instock","12":"sale","13":"shipping-taxable","14":"purchasable","15":"product-type-simple"},"_links":{"self":[{"href":"https:\/\/www.bumbumdepanoeco.com.br\/index.php\/wp-json\/wp\/v2\/product\/3973","targetHints":{"allow":["GET"]}}],"collection":[{"href":"https:\/\/www.bumbumdepanoeco.com.br\/index.php\/wp-json\/wp\/v2\/product"}],"about":[{"href":"https:\/\/www.bumbumdepanoeco.com.br\/index.php\/wp-json\/wp\/v2\/types\/product"}],"replies":[{"embeddable":true,"href":"https:\/\/www.bumbumdepanoeco.com.br\/index.php\/wp-json\/wp\/v2\/comments?post=3973"}],"wp:featuredmedia":[{"embeddable":true,"href":"https:\/\/www.bumbumdepanoeco.com.br\/index.php\/wp-json\/wp\/v2\/media\/3967"}],"wp:attachment":[{"href":"https:\/\/www.bumbumdepanoeco.com.br\/index.php\/wp-json\/wp\/v2\/media?parent=3973"}],"wp:term":[{"taxonomy":"product_brand","embeddable":true,"href":"https:\/\/www.bumbumdepanoeco.com.br\/index.php\/wp-json\/wp\/v2\/product_brand?post=3973"},{"taxonomy":"product_cat","embeddable":true,"href":"https:\/\/www.bumbumdepanoeco.com.br\/index.php\/wp-json\/wp\/v2\/product_cat?post=3973"},{"taxonomy":"product_tag","embeddable":true,"href":"https:\/\/www.bumbumdepanoeco.com.br\/index.php\/wp-json\/wp\/v2\/product_tag?post=3973"}],"curies":[{"name":"wp","href":"https:\/\/api.w.org\/{rel}","templated":true}]}}