{"id":966,"date":"2022-06-08T10:27:37","date_gmt":"2022-06-08T13:27:37","guid":{"rendered":"https:\/\/www.bumbumdepanoeco.com.br\/?post_type=product&#038;p=966"},"modified":"2023-11-07T16:53:13","modified_gmt":"2023-11-07T19:53:13","slug":"fluido-de-higiene","status":"publish","type":"product","link":"https:\/\/www.bumbumdepanoeco.com.br\/index.php\/product\/fluido-de-higiene\/","title":{"rendered":"Fluido de Higiene"},"content":{"rendered":"<p>Composi\u00e7\u00e3o: \u00d3leo vegetal de abacate, \u00e1gua destilada, \u00d3leo Essencial de tea tree e Lavanda.<br \/>\nPropriedades: Antiss\u00e9ptico, bactericida, e calmante para assaduras e irrita\u00e7\u00f5es.<\/p>\n<p>PRODUTO TESTADO DERMATOLOGICAMENTE<\/p>\n<p>OS \u00d3LEO ESS\u00caNCIAIS S\u00c3O ADMINISTRADOS NA PROPOR\u00c7\u00c3O SEGURA PARA CADA FAIXA ET\u00c1RIA, ESCOLHA CORRETAMENTE SEU FLUIDO DE ACORDO COM A FAIXA ET\u00c1RIA DO SEU BEB\u00ca.<\/p>\n<p>Cont\u00e9m 10 unidades.<\/p>\n","protected":false},"excerpt":{"rendered":"<p>\u00d3leo bif\u00e1sico 100% Natural, livres de qu\u00edmicos e livre de crueldade animal, para limpeza do Bumbum e genitais do beb\u00ea.<\/p>\n<p>Aplicar na pele e limpar com pano macio.<\/p>\n<p>&nbsp;<\/p>\n","protected":false},"featured_media":1215,"comment_status":"open","ping_status":"closed","template":"","meta":{"_joinchat":[]},"product_brand":[],"product_cat":[267,43,237],"product_tag":[],"class_list":{"0":"post-966","1":"product","2":"type-product","3":"status-publish","4":"has-post-thumbnail","6":"product_cat-produtos","7":"product_cat-cuidados-naturais","8":"product_cat-acessorios","10":"first","11":"instock","12":"shipping-taxable","13":"purchasable","14":"product-type-variable"},"_links":{"self":[{"href":"https:\/\/www.bumbumdepanoeco.com.br\/index.php\/wp-json\/wp\/v2\/product\/966","targetHints":{"allow":["GET"]}}],"collection":[{"href":"https:\/\/www.bumbumdepanoeco.com.br\/index.php\/wp-json\/wp\/v2\/product"}],"about":[{"href":"https:\/\/www.bumbumdepanoeco.com.br\/index.php\/wp-json\/wp\/v2\/types\/product"}],"replies":[{"embeddable":true,"href":"https:\/\/www.bumbumdepanoeco.com.br\/index.php\/wp-json\/wp\/v2\/comments?post=966"}],"wp:featuredmedia":[{"embeddable":true,"href":"https:\/\/www.bumbumdepanoeco.com.br\/index.php\/wp-json\/wp\/v2\/media\/1215"}],"wp:attachment":[{"href":"https:\/\/www.bumbumdepanoeco.com.br\/index.php\/wp-json\/wp\/v2\/media?parent=966"}],"wp:term":[{"taxonomy":"product_brand","embeddable":true,"href":"https:\/\/www.bumbumdepanoeco.com.br\/index.php\/wp-json\/wp\/v2\/product_brand?post=966"},{"taxonomy":"product_cat","embeddable":true,"href":"https:\/\/www.bumbumdepanoeco.com.br\/index.php\/wp-json\/wp\/v2\/product_cat?post=966"},{"taxonomy":"product_tag","embeddable":true,"href":"https:\/\/www.bumbumdepanoeco.com.br\/index.php\/wp-json\/wp\/v2\/product_tag?post=966"}],"curies":[{"name":"wp","href":"https:\/\/api.w.org\/{rel}","templated":true}]}}