{"id":972,"date":"2022-06-08T10:41:22","date_gmt":"2022-06-08T13:41:22","guid":{"rendered":"https:\/\/www.bumbumdepanoeco.com.br\/?post_type=product&#038;p=972"},"modified":"2023-11-07T16:56:36","modified_gmt":"2023-11-07T19:56:36","slug":"fralda-geriatrica-com-3-absorventes","status":"publish","type":"product","link":"https:\/\/www.bumbumdepanoeco.com.br\/index.php\/product\/fralda-geriatrica-com-3-absorventes\/","title":{"rendered":"Fralda Geri\u00e1trica com 3 Absorventes Azul"},"content":{"rendered":"<p>Veste Aproximadamente de 25kg a 90kg<br \/>\nAcompanha 3 absorventes de moletom 4 camadas. Podem ser lavadas na m\u00e1quina, sem amaciante.<\/p>\n<p>A quantidade de absorvente pode variar de acordo com o volume de xixi de cada pessoa.<\/p>\n<p>Cont\u00e9m 1 unidade.<\/p>\n","protected":false},"excerpt":{"rendered":"<p>Fralda Ecol\u00f3gica em Pul, ajuste por bot\u00e3o e interior em dryfit. Servem de 50cm a 100cm de cintura (recomendado tirar medida para ter certeza que ir\u00e1 servir)<\/p>\n","protected":false},"featured_media":1387,"comment_status":"open","ping_status":"closed","template":"","meta":{"_joinchat":[]},"product_brand":[],"product_cat":[267,36,58],"product_tag":[],"class_list":{"0":"post-972","1":"product","2":"type-product","3":"status-publish","4":"has-post-thumbnail","6":"product_cat-produtos","7":"product_cat-fraldas-absorventes-e-acessorios","8":"product_cat-geriatricas","10":"first","11":"outofstock","12":"shipping-taxable","13":"purchasable","14":"product-type-variable"},"_links":{"self":[{"href":"https:\/\/www.bumbumdepanoeco.com.br\/index.php\/wp-json\/wp\/v2\/product\/972","targetHints":{"allow":["GET"]}}],"collection":[{"href":"https:\/\/www.bumbumdepanoeco.com.br\/index.php\/wp-json\/wp\/v2\/product"}],"about":[{"href":"https:\/\/www.bumbumdepanoeco.com.br\/index.php\/wp-json\/wp\/v2\/types\/product"}],"replies":[{"embeddable":true,"href":"https:\/\/www.bumbumdepanoeco.com.br\/index.php\/wp-json\/wp\/v2\/comments?post=972"}],"wp:featuredmedia":[{"embeddable":true,"href":"https:\/\/www.bumbumdepanoeco.com.br\/index.php\/wp-json\/wp\/v2\/media\/1387"}],"wp:attachment":[{"href":"https:\/\/www.bumbumdepanoeco.com.br\/index.php\/wp-json\/wp\/v2\/media?parent=972"}],"wp:term":[{"taxonomy":"product_brand","embeddable":true,"href":"https:\/\/www.bumbumdepanoeco.com.br\/index.php\/wp-json\/wp\/v2\/product_brand?post=972"},{"taxonomy":"product_cat","embeddable":true,"href":"https:\/\/www.bumbumdepanoeco.com.br\/index.php\/wp-json\/wp\/v2\/product_cat?post=972"},{"taxonomy":"product_tag","embeddable":true,"href":"https:\/\/www.bumbumdepanoeco.com.br\/index.php\/wp-json\/wp\/v2\/product_tag?post=972"}],"curies":[{"name":"wp","href":"https:\/\/api.w.org\/{rel}","templated":true}]}}