{"id":986,"date":"2022-06-09T12:07:55","date_gmt":"2022-06-09T15:07:55","guid":{"rendered":"https:\/\/www.bumbumdepanoeco.com.br\/?post_type=product&#038;p=986"},"modified":"2023-11-07T16:53:11","modified_gmt":"2023-11-07T19:53:11","slug":"saco-de-lavanderia","status":"publish","type":"product","link":"https:\/\/www.bumbumdepanoeco.com.br\/index.php\/product\/saco-de-lavanderia\/","title":{"rendered":"Saco de Lavanderia  &#8211; Gatos"},"content":{"rendered":"<blockquote><p>Saco imperme\u00e1vel 70&#215;40 para armazenar as fraldas ecologicas at\u00e9 o dia da lavagem.<\/p><\/blockquote>\n<p>Imperme\u00e1vel em Nylon emborrachado, tecido estampado 100% poli\u00e9ster, abertura superior de z\u00edper, duas al\u00e7as em nylon.<\/p>\n<p>Cabe aproximadamente 20 fraldas com absorvente, imperme\u00e1vel e n\u00e3o vaza cheiro.<\/p>\n<p>&nbsp;<\/p>\n","protected":false},"excerpt":{"rendered":"<p>Saco imperme\u00e1vel de lavanderia para armazenar as fraldas ecol\u00f3gicas sujas, at\u00e9 a lavagem.<\/p>\n<p>&nbsp;<\/p>\n<p>Tamanho 70&#215;40 &#8211; Cabe aproximadamente 20 fraldas com Absorventes.<\/p>\n","protected":false},"featured_media":3356,"comment_status":"open","ping_status":"closed","template":"","meta":{"_joinchat":[]},"product_brand":[],"product_cat":[267,36,235,268],"product_tag":[],"class_list":{"0":"post-986","1":"product","2":"type-product","3":"status-publish","4":"has-post-thumbnail","6":"product_cat-produtos","7":"product_cat-fraldas-absorventes-e-acessorios","8":"product_cat-sacos-impermeaveis","9":"product_cat-lavanderia-70x40","11":"first","12":"outofstock","13":"shipping-taxable","14":"purchasable","15":"product-type-simple"},"_links":{"self":[{"href":"https:\/\/www.bumbumdepanoeco.com.br\/index.php\/wp-json\/wp\/v2\/product\/986","targetHints":{"allow":["GET"]}}],"collection":[{"href":"https:\/\/www.bumbumdepanoeco.com.br\/index.php\/wp-json\/wp\/v2\/product"}],"about":[{"href":"https:\/\/www.bumbumdepanoeco.com.br\/index.php\/wp-json\/wp\/v2\/types\/product"}],"replies":[{"embeddable":true,"href":"https:\/\/www.bumbumdepanoeco.com.br\/index.php\/wp-json\/wp\/v2\/comments?post=986"}],"wp:featuredmedia":[{"embeddable":true,"href":"https:\/\/www.bumbumdepanoeco.com.br\/index.php\/wp-json\/wp\/v2\/media\/3356"}],"wp:attachment":[{"href":"https:\/\/www.bumbumdepanoeco.com.br\/index.php\/wp-json\/wp\/v2\/media?parent=986"}],"wp:term":[{"taxonomy":"product_brand","embeddable":true,"href":"https:\/\/www.bumbumdepanoeco.com.br\/index.php\/wp-json\/wp\/v2\/product_brand?post=986"},{"taxonomy":"product_cat","embeddable":true,"href":"https:\/\/www.bumbumdepanoeco.com.br\/index.php\/wp-json\/wp\/v2\/product_cat?post=986"},{"taxonomy":"product_tag","embeddable":true,"href":"https:\/\/www.bumbumdepanoeco.com.br\/index.php\/wp-json\/wp\/v2\/product_tag?post=986"}],"curies":[{"name":"wp","href":"https:\/\/api.w.org\/{rel}","templated":true}]}}