{"id":989,"date":"2022-06-09T12:09:47","date_gmt":"2022-06-09T15:09:47","guid":{"rendered":"https:\/\/www.bumbumdepanoeco.com.br\/?post_type=product&#038;p=989"},"modified":"2023-11-07T16:53:10","modified_gmt":"2023-11-07T19:53:10","slug":"saco-m-estampado","status":"publish","type":"product","link":"https:\/\/www.bumbumdepanoeco.com.br\/index.php\/product\/saco-m-estampado\/","title":{"rendered":"Saco M &#8211; Os Simpsons"},"content":{"rendered":"<p>Saco Imperme\u00e1vel para passeio<\/p>\n<p>Tamanho 30&#215;40<\/p>\n<p>Cabe Aprox. 6 fraldas com absorvente<\/p>\n<p>&nbsp;<\/p>\n<p>&nbsp;<\/p>\n<p>&nbsp;<\/p>\n","protected":false},"excerpt":{"rendered":"<p>Saco imperme\u00e1vel para armazenar as fraldas sujas em passeios externos, servem tamb\u00e9m para armazenar roupa suja ou roupas molhadas de praia e piscina. Podem ser enviados para a creche para armazenar as fraldas ecol\u00f3gicas usadas ou roupas sujas.<\/p>\n<p>Tamanho 30&#215;40<\/p>\n<p>Material &#8211; Imperme\u00e1vel em Nylon Emborrachado, frente estampada em New Suede (100% poli\u00e9ster), abertura em z\u00edper frontal.<\/p>\n<p>&nbsp;<\/p>\n<p>Cabem aproximadamente 6 fraldas com absorvente.<\/p>\n","protected":false},"featured_media":3490,"comment_status":"open","ping_status":"closed","template":"","meta":{"_joinchat":[]},"product_brand":[],"product_cat":[267,36,235,259],"product_tag":[],"class_list":{"0":"post-989","1":"product","2":"type-product","3":"status-publish","4":"has-post-thumbnail","6":"product_cat-produtos","7":"product_cat-fraldas-absorventes-e-acessorios","8":"product_cat-sacos-impermeaveis","9":"product_cat-saco-m-30x40","11":"first","12":"instock","13":"shipping-taxable","14":"purchasable","15":"product-type-simple"},"_links":{"self":[{"href":"https:\/\/www.bumbumdepanoeco.com.br\/index.php\/wp-json\/wp\/v2\/product\/989","targetHints":{"allow":["GET"]}}],"collection":[{"href":"https:\/\/www.bumbumdepanoeco.com.br\/index.php\/wp-json\/wp\/v2\/product"}],"about":[{"href":"https:\/\/www.bumbumdepanoeco.com.br\/index.php\/wp-json\/wp\/v2\/types\/product"}],"replies":[{"embeddable":true,"href":"https:\/\/www.bumbumdepanoeco.com.br\/index.php\/wp-json\/wp\/v2\/comments?post=989"}],"wp:featuredmedia":[{"embeddable":true,"href":"https:\/\/www.bumbumdepanoeco.com.br\/index.php\/wp-json\/wp\/v2\/media\/3490"}],"wp:attachment":[{"href":"https:\/\/www.bumbumdepanoeco.com.br\/index.php\/wp-json\/wp\/v2\/media?parent=989"}],"wp:term":[{"taxonomy":"product_brand","embeddable":true,"href":"https:\/\/www.bumbumdepanoeco.com.br\/index.php\/wp-json\/wp\/v2\/product_brand?post=989"},{"taxonomy":"product_cat","embeddable":true,"href":"https:\/\/www.bumbumdepanoeco.com.br\/index.php\/wp-json\/wp\/v2\/product_cat?post=989"},{"taxonomy":"product_tag","embeddable":true,"href":"https:\/\/www.bumbumdepanoeco.com.br\/index.php\/wp-json\/wp\/v2\/product_tag?post=989"}],"curies":[{"name":"wp","href":"https:\/\/api.w.org\/{rel}","templated":true}]}}