{"id":994,"date":"2022-06-09T12:19:23","date_gmt":"2022-06-09T15:19:23","guid":{"rendered":"https:\/\/www.bumbumdepanoeco.com.br\/?post_type=product&#038;p=994"},"modified":"2024-01-26T15:14:08","modified_gmt":"2024-01-26T18:14:08","slug":"5-absorventes-de-moletom-4-camadas","status":"publish","type":"product","link":"https:\/\/www.bumbumdepanoeco.com.br\/index.php\/product\/5-absorventes-de-moletom-4-camadas\/","title":{"rendered":"5 absorventes de moletom 4 camadas"},"content":{"rendered":"<p>Absorvente de boa absor\u00e7\u00e3o e \u00f3tima reten\u00e7\u00e3o, tem 2 camadas costuradas que dobrado no meio ficam com 4 camadas.<br \/>\nTem toque seco, usados dentro ou fora do bolso n\u00e3o ir\u00e3o incomodar o beb\u00ea.<\/p>\n<p>4 camadas \u00e9 recomendado para uso de RN at\u00e9 2 meses, ap\u00f3s essa idade \u00e9 preciso refor\u00e7a-lo ou usar o de 6 camadas, ele pode ser usado em combina\u00e7\u00f5es noturnas com 6, 8 ou mais camadas.<\/p>\n","protected":false},"excerpt":{"rendered":"<p>Kit com 5 unidades<\/p>\n","protected":false},"featured_media":1174,"comment_status":"open","ping_status":"closed","template":"","meta":{"_joinchat":[]},"product_brand":[],"product_cat":[42,267],"product_tag":[],"class_list":{"0":"post-994","1":"product","2":"type-product","3":"status-publish","4":"has-post-thumbnail","6":"product_cat-kits-promocionais","7":"product_cat-produtos","9":"first","10":"instock","11":"sale","12":"shipping-taxable","13":"purchasable","14":"product-type-simple"},"_links":{"self":[{"href":"https:\/\/www.bumbumdepanoeco.com.br\/index.php\/wp-json\/wp\/v2\/product\/994","targetHints":{"allow":["GET"]}}],"collection":[{"href":"https:\/\/www.bumbumdepanoeco.com.br\/index.php\/wp-json\/wp\/v2\/product"}],"about":[{"href":"https:\/\/www.bumbumdepanoeco.com.br\/index.php\/wp-json\/wp\/v2\/types\/product"}],"replies":[{"embeddable":true,"href":"https:\/\/www.bumbumdepanoeco.com.br\/index.php\/wp-json\/wp\/v2\/comments?post=994"}],"wp:featuredmedia":[{"embeddable":true,"href":"https:\/\/www.bumbumdepanoeco.com.br\/index.php\/wp-json\/wp\/v2\/media\/1174"}],"wp:attachment":[{"href":"https:\/\/www.bumbumdepanoeco.com.br\/index.php\/wp-json\/wp\/v2\/media?parent=994"}],"wp:term":[{"taxonomy":"product_brand","embeddable":true,"href":"https:\/\/www.bumbumdepanoeco.com.br\/index.php\/wp-json\/wp\/v2\/product_brand?post=994"},{"taxonomy":"product_cat","embeddable":true,"href":"https:\/\/www.bumbumdepanoeco.com.br\/index.php\/wp-json\/wp\/v2\/product_cat?post=994"},{"taxonomy":"product_tag","embeddable":true,"href":"https:\/\/www.bumbumdepanoeco.com.br\/index.php\/wp-json\/wp\/v2\/product_tag?post=994"}],"curies":[{"name":"wp","href":"https:\/\/api.w.org\/{rel}","templated":true}]}}