{"id":997,"date":"2022-06-09T12:25:21","date_gmt":"2022-06-09T15:25:21","guid":{"rendered":"https:\/\/www.bumbumdepanoeco.com.br\/?post_type=product&#038;p=997"},"modified":"2023-11-23T20:05:30","modified_gmt":"2023-11-23T23:05:30","slug":"3-escovas-de-bambu","status":"publish","type":"product","link":"https:\/\/www.bumbumdepanoeco.com.br\/index.php\/product\/3-escovas-de-bambu\/","title":{"rendered":"Kit 3 Escovas de bambu"},"content":{"rendered":"<p>O Bambu Moss\u00f4 \u00e9 a planta que cresce mais r\u00e1pido no mundo. Uma vez cortado, um novo broto nasce atrav\u00e9s dos caules subterr\u00e2neos. Sua produ\u00e7\u00e3o \u00e9 extremamente econ\u00f4mica tendo f\u00e1cil adapta\u00e7\u00e3o a qualquer tipo de solo. \u00c9 uma planta que tem capacidade de crescer de forma sustent\u00e1vel, sem a necessidade de fertilizantes ou pesticidas ou muita \u00e1gua. Ele pode ser plantado para proteger nascentes, j\u00e1 que aumenta a umidade do local e enriquece o solo com as folhas. Outra vantagem da escova \u00e9 que o bambu possui propriedades naturais que resistem a diversas bact\u00e9rias!<\/p>\n<p>Ap\u00f3s usar a escova, seque-a e fique tranquilo! O bambu \u00e9 um escudo natural contra bact\u00e9rias e germes!<\/p>\n","protected":false},"excerpt":{"rendered":"<p>Escova em bambu moss\u00f4, cerdas em Nylon.<br \/>\nCerdas de cores variadas<\/p>\n<p>Kit com 3 Unidades<\/p>\n","protected":false},"featured_media":1170,"comment_status":"open","ping_status":"closed","template":"","meta":{"_joinchat":[]},"product_brand":[],"product_cat":[42,267],"product_tag":[],"class_list":{"0":"post-997","1":"product","2":"type-product","3":"status-publish","4":"has-post-thumbnail","6":"product_cat-kits-promocionais","7":"product_cat-produtos","9":"first","10":"instock","11":"sale","12":"shipping-taxable","13":"purchasable","14":"product-type-variable"},"_links":{"self":[{"href":"https:\/\/www.bumbumdepanoeco.com.br\/index.php\/wp-json\/wp\/v2\/product\/997","targetHints":{"allow":["GET"]}}],"collection":[{"href":"https:\/\/www.bumbumdepanoeco.com.br\/index.php\/wp-json\/wp\/v2\/product"}],"about":[{"href":"https:\/\/www.bumbumdepanoeco.com.br\/index.php\/wp-json\/wp\/v2\/types\/product"}],"replies":[{"embeddable":true,"href":"https:\/\/www.bumbumdepanoeco.com.br\/index.php\/wp-json\/wp\/v2\/comments?post=997"}],"wp:featuredmedia":[{"embeddable":true,"href":"https:\/\/www.bumbumdepanoeco.com.br\/index.php\/wp-json\/wp\/v2\/media\/1170"}],"wp:attachment":[{"href":"https:\/\/www.bumbumdepanoeco.com.br\/index.php\/wp-json\/wp\/v2\/media?parent=997"}],"wp:term":[{"taxonomy":"product_brand","embeddable":true,"href":"https:\/\/www.bumbumdepanoeco.com.br\/index.php\/wp-json\/wp\/v2\/product_brand?post=997"},{"taxonomy":"product_cat","embeddable":true,"href":"https:\/\/www.bumbumdepanoeco.com.br\/index.php\/wp-json\/wp\/v2\/product_cat?post=997"},{"taxonomy":"product_tag","embeddable":true,"href":"https:\/\/www.bumbumdepanoeco.com.br\/index.php\/wp-json\/wp\/v2\/product_tag?post=997"}],"curies":[{"name":"wp","href":"https:\/\/api.w.org\/{rel}","templated":true}]}}